{"id":3,"date":"2024-06-29T14:43:42","date_gmt":"2024-06-29T12:43:42","guid":{"rendered":"http:\/\/www.canallocalgrosblie.tv\/?page_id=3"},"modified":"2025-09-11T17:29:19","modified_gmt":"2025-09-11T15:29:19","slug":"politique-de-confidentialite","status":"publish","type":"page","link":"https:\/\/www.canallocalgrosblie.tv\/index.php\/politique-de-confidentialite\/","title":{"rendered":"Politique de confidentialit\u00e9"},"content":{"rendered":"\n<h2 class=\"wp-block-heading\">Qui sommes-nous&nbsp;?<\/h2>\n\n\n\n<p>La t\u00e9l\u00e9 locale est une section de l&rsquo;association culture et loisirs de Grosbliederstroff, association de droit local dont le si\u00e8ge se situe au foyer des jeunes, rue de l&rsquo;\u00c9glise, 57520 Grosbliederstroff. Elle est immatricul\u00e9e sous le num\u00e9ro de SIREN 422 159 772. Le responsable de la section t\u00e9l\u00e9 locale est Bernard Lange.<\/p>\n\n\n\n<p>L\u2019adresse de notre site est\u00a0: <span style=\"text-decoration: underline;\">https:\/\/www.canallocalgrosblie.tv<\/span>.<\/p>\n\n\n\n<p>Pour toute information ou pour exercer vos droits, vous pouvez contacter la t\u00e9l\u00e9 locale par courrier \u00e9lectronique \u00e0 l&rsquo;adresse <span style=\"text-decoration: underline;\">contact@canallocalgrosblie.tv<\/span> ou bien par t\u00e9l\u00e9phone au 03 87 09 37 73.<\/p>\n\n\n\n<h2 class=\"wp-block-heading\">H\u00e9bergement<\/h2>\n\n\n\n<p>Ce site est h\u00e9berg\u00e9 par OVH SAS 2 rue Kellermann &#8211; 59100 Roubaix &#8211; France.<\/p>\n\n\n\n<h2 class=\"wp-block-heading\">Contenu embarqu\u00e9 depuis d\u2019autres sites<\/h2>\n\n\n\n<p>Les articles de ce site peuvent inclure des contenus int\u00e9gr\u00e9s (par exemple des vid\u00e9os, images, articles\u2026). Le contenu int\u00e9gr\u00e9 depuis d\u2019autres sites se comporte de la m\u00eame mani\u00e8re que si le visiteur se rendait sur cet autre site.<\/p>\n\n\n\n<p>Ces sites web pourraient collecter des donn\u00e9es sur vous, utiliser des cookies, embarquer des outils de suivis tiers, suivre vos interactions avec ces contenus embarqu\u00e9s si vous disposez d\u2019un compte connect\u00e9 sur leur site web.<\/p>\n","protected":false},"excerpt":{"rendered":"<p>Qui sommes-nous&nbsp;? La t\u00e9l\u00e9 locale est une section de l&rsquo;association culture et loisirs de Grosbliederstroff, association de droit local dont le si\u00e8ge se situe au foyer des jeunes, rue de&hellip;<\/p>\n","protected":false},"author":2,"featured_media":0,"parent":0,"menu_order":0,"comment_status":"closed","ping_status":"open","template":"","meta":{"footnotes":""},"class_list":["post-3","page","type-page","status-publish","hentry"],"_links":{"self":[{"href":"https:\/\/www.canallocalgrosblie.tv\/index.php\/wp-json\/wp\/v2\/pages\/3","targetHints":{"allow":["GET"]}}],"collection":[{"href":"https:\/\/www.canallocalgrosblie.tv\/index.php\/wp-json\/wp\/v2\/pages"}],"about":[{"href":"https:\/\/www.canallocalgrosblie.tv\/index.php\/wp-json\/wp\/v2\/types\/page"}],"author":[{"embeddable":true,"href":"https:\/\/www.canallocalgrosblie.tv\/index.php\/wp-json\/wp\/v2\/users\/2"}],"replies":[{"embeddable":true,"href":"https:\/\/www.canallocalgrosblie.tv\/index.php\/wp-json\/wp\/v2\/comments?post=3"}],"version-history":[{"count":4,"href":"https:\/\/www.canallocalgrosblie.tv\/index.php\/wp-json\/wp\/v2\/pages\/3\/revisions"}],"predecessor-version":[{"id":623,"href":"https:\/\/www.canallocalgrosblie.tv\/index.php\/wp-json\/wp\/v2\/pages\/3\/revisions\/623"}],"wp:attachment":[{"href":"https:\/\/www.canallocalgrosblie.tv\/index.php\/wp-json\/wp\/v2\/media?parent=3"}],"curies":[{"name":"wp","href":"https:\/\/api.w.org\/{rel}","templated":true}]}}