{"id":394,"date":"2024-12-11T16:58:53","date_gmt":"2024-12-11T15:58:53","guid":{"rendered":"https:\/\/www.canallocalgrosblie.tv\/?page_id=394"},"modified":"2026-03-25T13:51:30","modified_gmt":"2026-03-25T12:51:30","slug":"contact","status":"publish","type":"page","link":"https:\/\/www.canallocalgrosblie.tv\/index.php\/contact\/","title":{"rendered":"Contact"},"content":{"rendered":"\n<div class=\"wp-block-group is-vertical is-content-justification-stretch is-layout-flex wp-container-core-group-is-layout-b16ad781 wp-block-group-is-layout-flex\">\n<div class=\"wp-block-columns is-layout-flex wp-container-core-columns-is-layout-9d6595d7 wp-block-columns-is-layout-flex\">\n<div class=\"wp-block-column is-layout-flow wp-block-column-is-layout-flow\">\n<h2 class=\"wp-block-heading\">Canal local<\/h2>\n\n\n\n<p>Contactez-nous via le formulaire ci-contre ou gr\u00e2ce \u00e0 nos coordonn\u00e9es ci-dessous. Les b\u00e9n\u00e9voles du Canal local se r\u00e9unissent de fa\u00e7on hebdomadaire. Ils vous r\u00e9pondront dans les plus brefs d\u00e9lais.<\/p>\n\n\n\n<p>T\u00e9l\u00e9phone : +33(0)3 87 09 37 73<br>Courriel : contact@canallocalgrosblie.tv<\/p>\n\n\n\n<iframe loading=\"lazy\" width=\"425\" height=\"350\" src=\"https:\/\/www.openstreetmap.org\/export\/embed.html?bbox=7.026556134223938%2C49.15794804321745%2C7.029560208320619%2C49.15932499287413&amp;layer=mapnik&amp;marker=49.158637000025244%2C7.02805699999999\" style=\"border: 1px solid black\"><\/iframe><br\/><small><a href=\"https:\/\/www.openstreetmap.org\/?mlat=49.158637&amp;mlon=7.028057#map=19\/49.158637\/7.028057\">Afficher une carte plus grande<\/a><\/small>\n<\/div>\n\n\n\n<div class=\"wp-block-column is-layout-flow wp-block-column-is-layout-flow\"><style id=\"wpforms-css-vars-396-block-0da0169f-309a-4d08-8896-99ea9d6f6a6c\">\n\t\t\t\t#wpforms-396.wpforms-block-0da0169f-309a-4d08-8896-99ea9d6f6a6c {\n\t\t\t\t--wpforms-field-size-input-height: 43px;\n--wpforms-field-size-input-spacing: 15px;\n--wpforms-field-size-font-size: 16px;\n--wpforms-field-size-line-height: 19px;\n--wpforms-field-size-padding-h: 14px;\n--wpforms-field-size-checkbox-size: 16px;\n--wpforms-field-size-sublabel-spacing: 5px;\n--wpforms-field-size-icon-size: 1;\n--wpforms-label-size-font-size: 16px;\n--wpforms-label-size-line-height: 19px;\n--wpforms-label-size-sublabel-font-size: 14px;\n--wpforms-label-size-sublabel-line-height: 17px;\n--wpforms-button-size-font-size: 17px;\n--wpforms-button-size-height: 41px;\n--wpforms-button-size-padding-h: 15px;\n--wpforms-button-size-margin-top: 10px;\n\t\t\t}\n\t\t\t<\/style><div class=\"wpforms-container wpforms-container-full wpforms-block wpforms-block-0da0169f-309a-4d08-8896-99ea9d6f6a6c wpforms-render-modern\" id=\"wpforms-396\"><form id=\"wpforms-form-396\" class=\"wpforms-validate wpforms-form wpforms-ajax-form\" data-formid=\"396\" method=\"post\" enctype=\"multipart\/form-data\" action=\"\/index.php\/wp-json\/wp\/v2\/pages\/394\" data-token=\"ae8573f66d80b7b3bc7823a6338e7406\" data-token-time=\"1776289703\"><noscript class=\"wpforms-error-noscript\">Veuillez activer JavaScript dans votre navigateur pour remplir ce formulaire.<\/noscript><div id=\"wpforms-error-noscript\" style=\"display: none;\">Veuillez activer JavaScript dans votre navigateur pour remplir ce formulaire.<\/div><div class=\"wpforms-field-container\">\t\t<div id=\"wpforms-396-field_5-container\"\n\t\t\tclass=\"wpforms-field wpforms-field-text\"\n\t\t\tdata-field-type=\"text\"\n\t\t\tdata-field-id=\"5\"\n\t\t\t>\n\t\t\t<label class=\"wpforms-field-label\" for=\"wpforms-396-field_5\" >Nom RGPD Courriel<\/label>\n\t\t\t<input type=\"text\" id=\"wpforms-396-field_5\" class=\"wpforms-field-medium\" name=\"wpforms[fields][5]\" >\n\t\t<\/div>\n\t\t<div id=\"wpforms-396-field_1-container\" class=\"wpforms-field wpforms-field-name\" data-field-id=\"1\"><fieldset><legend class=\"wpforms-field-label\">Nom <span class=\"wpforms-required-label\" aria-hidden=\"true\">*<\/span><\/legend><div class=\"wpforms-field-row wpforms-field-medium\"><div class=\"wpforms-field-row-block wpforms-first wpforms-one-half\"><input type=\"text\" id=\"wpforms-396-field_1\" class=\"wpforms-field-name-first wpforms-field-required\" name=\"wpforms[fields][1][first]\" placeholder=\"Martin\" aria-errormessage=\"wpforms-396-field_1-error\" required><label for=\"wpforms-396-field_1\" class=\"wpforms-field-sublabel after\">Pr\u00e9nom<\/label><\/div><div class=\"wpforms-field-row-block wpforms-one-half\"><input type=\"text\" id=\"wpforms-396-field_1-last\" class=\"wpforms-field-name-last wpforms-field-required\" name=\"wpforms[fields][1][last]\" placeholder=\"Fran\u00e7ois\" aria-errormessage=\"wpforms-396-field_1-last-error\" required><label for=\"wpforms-396-field_1-last\" class=\"wpforms-field-sublabel after\">Nom<\/label><\/div><\/div><\/fieldset><\/div><div id=\"wpforms-396-field_2-container\" class=\"wpforms-field wpforms-field-email\" data-field-id=\"2\"><label class=\"wpforms-field-label\" for=\"wpforms-396-field_2\">Courriel <span class=\"wpforms-required-label\" aria-hidden=\"true\">*<\/span><\/label><input type=\"email\" id=\"wpforms-396-field_2\" class=\"wpforms-field-medium wpforms-field-required\" name=\"wpforms[fields][2]\" placeholder=\"adresse@courriel.fr\" spellcheck=\"false\" aria-errormessage=\"wpforms-396-field_2-error\" required><\/div><div id=\"wpforms-396-field_3-container\" class=\"wpforms-field wpforms-field-textarea\" data-field-id=\"3\"><label class=\"wpforms-field-label\" for=\"wpforms-396-field_3\">Message <span class=\"wpforms-required-label\" aria-hidden=\"true\">*<\/span><\/label><textarea id=\"wpforms-396-field_3\" class=\"wpforms-field-medium wpforms-field-required\" name=\"wpforms[fields][3]\" placeholder=\"\u00c9crivez ici votre message.\" aria-errormessage=\"wpforms-396-field_3-error\" required><\/textarea><\/div><div id=\"wpforms-396-field_4-container\" class=\"wpforms-field wpforms-field-gdpr-checkbox\" data-field-id=\"4\"><label class=\"wpforms-field-label\">Accord RGPD <span class=\"wpforms-required-label\" aria-hidden=\"true\">*<\/span><\/label><ul id=\"wpforms-396-field_4\" class=\"wpforms-field-required\"><li class=\"choice-1\"><input type=\"checkbox\" id=\"wpforms-396-field_4_1\" name=\"wpforms[fields][4][]\" value=\"Je consens \u00e0 ce que ce site stocke mes informations envoy\u00e9es afin qu\u2019ils puissent r\u00e9pondre \u00e0 ma requ\u00eate.\" aria-errormessage=\"wpforms-396-field_4_1-error\" required ><label class=\"wpforms-field-label-inline\" for=\"wpforms-396-field_4_1\">Je consens \u00e0 ce que ce site stocke mes informations envoy\u00e9es afin qu\u2019ils puissent r\u00e9pondre \u00e0 ma requ\u00eate.<\/label><\/li><\/ul><\/div><script>\n\t\t\t\t( function() {\n\t\t\t\t\tconst style = document.createElement( 'style' );\n\t\t\t\t\tstyle.appendChild( document.createTextNode( '#wpforms-396-field_5-container { position: absolute !important; overflow: hidden !important; display: inline !important; height: 1px !important; width: 1px !important; z-index: -1000 !important; padding: 0 !important; } #wpforms-396-field_5-container input { visibility: hidden; } #wpforms-conversational-form-page #wpforms-396-field_5-container label { counter-increment: none; }' ) );\n\t\t\t\t\tdocument.head.appendChild( style );\n\t\t\t\t\tdocument.currentScript?.remove();\n\t\t\t\t} )();\n\t\t\t<\/script><\/div><!-- .wpforms-field-container --><div class=\"wpforms-recaptcha-container wpforms-is-turnstile\" ><div class=\"wpforms-turnstile\" data-sitekey=\"0x4AAAAAAB0p-iULkeVMlCQA\" data-action=\"FormID-396\"><\/div><input type=\"text\" name=\"g-recaptcha-hidden\" class=\"wpforms-recaptcha-hidden\" style=\"position:absolute!important;clip:rect(0,0,0,0)!important;height:1px!important;width:1px!important;border:0!important;overflow:hidden!important;padding:0!important;margin:0!important;\" data-rule-turnstile=\"1\"><\/div><div class=\"wpforms-submit-container\" ><input type=\"hidden\" name=\"wpforms[id]\" value=\"396\"><input type=\"hidden\" name=\"page_title\" value=\"\"><input type=\"hidden\" name=\"page_url\" value=\"https:\/\/www.canallocalgrosblie.tv\/index.php\/wp-json\/wp\/v2\/pages\/394\"><input type=\"hidden\" name=\"url_referer\" value=\"\"><button type=\"submit\" name=\"wpforms[submit]\" id=\"wpforms-submit-396\" class=\"wpforms-submit\" data-alt-text=\"Envoi...\" data-submit-text=\"Envoyer\" aria-live=\"assertive\" value=\"wpforms-submit\">Envoyer<\/button><img loading=\"lazy\" decoding=\"async\" src=\"https:\/\/www.canallocalgrosblie.tv\/wp-content\/plugins\/wpforms-lite\/assets\/images\/submit-spin.svg\" class=\"wpforms-submit-spinner\" style=\"display: none;\" width=\"26\" height=\"26\" alt=\"Chargement en cours\"><\/div><\/form><\/div>  <!-- .wpforms-container --><\/div>\n<\/div>\n<\/div>\n","protected":false},"excerpt":{"rendered":"<p>Canal local Contactez-nous via le formulaire ci-contre ou gr\u00e2ce \u00e0 nos coordonn\u00e9es ci-dessous. Les b\u00e9n\u00e9voles du Canal local se r\u00e9unissent de fa\u00e7on hebdomadaire. Ils vous r\u00e9pondront dans les plus brefs&hellip;<\/p>\n","protected":false},"author":2,"featured_media":0,"parent":0,"menu_order":0,"comment_status":"closed","ping_status":"closed","template":"","meta":{"footnotes":""},"class_list":["post-394","page","type-page","status-publish","hentry"],"_links":{"self":[{"href":"https:\/\/www.canallocalgrosblie.tv\/index.php\/wp-json\/wp\/v2\/pages\/394","targetHints":{"allow":["GET"]}}],"collection":[{"href":"https:\/\/www.canallocalgrosblie.tv\/index.php\/wp-json\/wp\/v2\/pages"}],"about":[{"href":"https:\/\/www.canallocalgrosblie.tv\/index.php\/wp-json\/wp\/v2\/types\/page"}],"author":[{"embeddable":true,"href":"https:\/\/www.canallocalgrosblie.tv\/index.php\/wp-json\/wp\/v2\/users\/2"}],"replies":[{"embeddable":true,"href":"https:\/\/www.canallocalgrosblie.tv\/index.php\/wp-json\/wp\/v2\/comments?post=394"}],"version-history":[{"count":10,"href":"https:\/\/www.canallocalgrosblie.tv\/index.php\/wp-json\/wp\/v2\/pages\/394\/revisions"}],"predecessor-version":[{"id":762,"href":"https:\/\/www.canallocalgrosblie.tv\/index.php\/wp-json\/wp\/v2\/pages\/394\/revisions\/762"}],"wp:attachment":[{"href":"https:\/\/www.canallocalgrosblie.tv\/index.php\/wp-json\/wp\/v2\/media?parent=394"}],"curies":[{"name":"wp","href":"https:\/\/api.w.org\/{rel}","templated":true}]}}